{"id":311,"date":"2020-07-17T06:41:18","date_gmt":"2020-07-17T06:41:18","guid":{"rendered":"http:\/\/mediafoyer.de\/?page_id=311"},"modified":"2023-02-15T19:47:58","modified_gmt":"2023-02-15T19:47:58","slug":"profil-2","status":"publish","type":"page","link":"https:\/\/mediafoyer.de\/?page_id=311","title":{"rendered":"Profil"},"content":{"rendered":"<!-- wp:themify-builder\/canvas \/-->\n\n<!--themify_builder_static--><h1 style=\"cursor: text;\">\u00a0<\/h1> <h1 style=\"cursor: text;\">Profil<\/h1>\n<h2>Hartmut Winter<\/h2>\n<img decoding=\"async\" loading=\"lazy\" src=\"https:\/\/mediafoyer.de\/wp-content\/uploads\/2020\/04\/Mediafoyer_Hartmut-Winter_Portrait-300x267.jpg\" width=\"300\" height=\"267\" title=\"Mediafoyer_Hartmut-Winter_Portrait\" alt=\"Mediafoyer_Hartmut-Winter_Portrait\" srcset=\"https:\/\/mediafoyer.de\/wp-content\/uploads\/2020\/04\/Mediafoyer_Hartmut-Winter_Portrait-300x267.jpg 300w, https:\/\/mediafoyer.de\/wp-content\/uploads\/2020\/04\/Mediafoyer_Hartmut-Winter_Portrait-978x872.jpg 978w, https:\/\/mediafoyer.de\/wp-content\/uploads\/2020\/04\/Mediafoyer_Hartmut-Winter_Portrait.jpg 277w\" sizes=\"(max-width: 300px) 100vw, 300px\" \/>\n<h2 style=\"cursor: text; text-align: center;\">Mein Profil<\/h2>\n<p>Nach Studien der Kulturwissenschaften, Musikwissenschaften und Medienwissenschaften in Deutschland und den USA war mein Berufseinstieg die TV-Forschung der Hamburger Mediaagentur G.F.M.O. . Auf den Wechsel zur Medienseite (TV-Sender VOX, K\u00f6ln) folgten Stationen bei f\u00fchrenden Medienvermarktern, u.a. Interactive Media (Axel Springer\/T-Online) oder IP Deutschland (Bertelsmann\/RTL).<\/p> <p>Die Marktkenntnisse der Medienbranche und Qualifikationen in der Kundenberatung baute ich im Media-Sales ebenso aus wie Kontakte zu den Planungs-Units der Agenturnetzwerke und Marketing-Entscheider der Keykunden.<\/p> <p>Die Bestrebung, meine Vermarktungskenntnisse wieder mit der klassischen Musikbranche zu verbinden, f\u00fchrten mich in die Selbst\u00e4ndigkeit als Handelsvertreter und zu bundesweit publizierenden Klassikmedien: F\u00fcr Mandanten wie das Print-Magazin RONDO und das Online-Klassik-Nachrichtenjournal MUSIK-HEUTE betreute ich lange Jahre die Anzeigenkunden in Print und Online. Parallel dazu ergab sich die Anfrage seitens der Hamburger Hochschule f\u00fcr Musik und Theater, f\u00fcr die ich als Gastdozent im Fachbereich Onlinemedien am Institut f\u00fcr Kultur- und Medienmanagement t\u00e4tig wurde.<\/p> <p>Inzwischen habe ich mein Portfolio sowohl hinsichtlich der von mir angebotenen Services wieder erweitert und die Bandbreite an Publisher-Themen meiner Mandanten erh\u00f6ht.<\/p> <p>Gerne unterst\u00fctze ich Sie in Ihren Vermarktungsbedarf und freue mich auf Ihre Anfrage!<\/p>\n<img decoding=\"async\" src=\"https:\/\/mediafoyer.de\/wp-content\/uploads\/2020\/07\/imageedit_2_4095803857-1.png\" title=\"imageedit_2_4095803857\" alt=\"imageedit_2_4095803857\" srcset=\"https:\/\/mediafoyer.de\/wp-content\/uploads\/2020\/07\/imageedit_2_4095803857-1.png 842w, https:\/\/mediafoyer.de\/wp-content\/uploads\/2020\/07\/imageedit_2_4095803857-1-300x212.png 300w, https:\/\/mediafoyer.de\/wp-content\/uploads\/2020\/07\/imageedit_2_4095803857-1-768x543.png 768w\" sizes=\"(max-width: 842px) 100vw, 842px\" \/>\n<h2>Sitemap<\/h2> <p><a href=\"#Mission\">Mission<\/a><\/p> <p><a href=\"https:\/\/mediafoyer.de\/?page_id=95\">Leistungen<\/a><\/p> <p><a href=\"https:\/\/mediafoyer.de\/?page_id=311\">Profil<\/a><\/p> <p><a href=\"https:\/\/mediafoyer.de\/?page_id=104\">Meilensteine<\/a><\/p> <p><a href=\"https:\/\/mediafoyer.de\/?page_id=389\">Referenzen<\/a><\/p> <p><a href=\"https:\/\/mediafoyer.de\/?page_id=398\">Kontakt<\/a><\/p> <p><a href=\"https:\/\/mediafoyer.de\/?page_id=425\">Impressum<\/a><\/p> <p><a href=\"https:\/\/mediafoyer.de\/?page_id=444\">Datenschutzerkl\u00e4rung<\/a><\/p>\n<h2>Kontakt<\/h2> <p>Mediafoyer<\/p> <p>Marketing \/ Vertrieb \/ Vermarktung<\/p> <p>K\u00f6nigsreihe 57<\/p> <p>22041 Hamburg<\/p> <p>Tel. +49 (0) 40 \/ 6369 4693<\/p> <p>Email: kontakt@mediafoyer.de<\/p> <p>www.mediafoyer.de<\/p> <p>\u00a9 2023 Mediafoyer<\/p><!--\/themify_builder_static-->","protected":false},"excerpt":{"rendered":"<p>\u00a0 Profil Hartmut Winter Mein Profil Nach Studien der Kulturwissenschaften, Musikwissenschaften und Medienwissenschaften in Deutschland und den USA war mein Berufseinstieg die TV-Forschung der Hamburger Mediaagentur G.F.M.O. . Auf den Wechsel zur Medienseite (TV-Sender VOX, K\u00f6ln) folgten Stationen bei f\u00fchrenden Medienvermarktern, u.a. Interactive Media (Axel Springer\/T-Online) oder IP Deutschland (Bertelsmann\/RTL). Die Marktkenntnisse der Medienbranche und [&hellip;]<\/p>\n","protected":false},"author":2,"featured_media":0,"parent":0,"menu_order":0,"comment_status":"closed","ping_status":"closed","template":"","meta":[],"builder_content":"<h1 style=\"cursor: text;\">\u00a0<\/h1> <h1 style=\"cursor: text;\">Profil<\/h1>\n<h2>Hartmut Winter<\/h2>\n<img src=\"https:\/\/mediafoyer.de\/wp-content\/uploads\/2020\/04\/Mediafoyer_Hartmut-Winter_Portrait-300x267.jpg\" width=\"300\" height=\"267\" title=\"Mediafoyer_Hartmut-Winter_Portrait\" alt=\"Mediafoyer_Hartmut-Winter_Portrait\" srcset=\"https:\/\/mediafoyer.de\/wp-content\/uploads\/2020\/04\/Mediafoyer_Hartmut-Winter_Portrait-300x267.jpg 300w, https:\/\/mediafoyer.de\/wp-content\/uploads\/2020\/04\/Mediafoyer_Hartmut-Winter_Portrait-978x872.jpg 978w, https:\/\/mediafoyer.de\/wp-content\/uploads\/2020\/04\/Mediafoyer_Hartmut-Winter_Portrait.jpg 277w\" sizes=\"(max-width: 300px) 100vw, 300px\" \/>\n<h2 style=\"cursor: text; text-align: center;\">Mein Profil<\/h2>\n<p>Nach Studien der Kulturwissenschaften, Musikwissenschaften und Medienwissenschaften in Deutschland und den USA war mein Berufseinstieg die TV-Forschung der Hamburger Mediaagentur G.F.M.O. . Auf den Wechsel zur Medienseite (TV-Sender VOX, K\u00f6ln) folgten Stationen bei f\u00fchrenden Medienvermarktern, u.a. Interactive Media (Axel Springer\/T-Online) oder IP Deutschland (Bertelsmann\/RTL).<\/p> <p>Die Marktkenntnisse der Medienbranche und Qualifikationen in der Kundenberatung baute ich im Media-Sales ebenso aus wie Kontakte zu den Planungs-Units der Agenturnetzwerke und Marketing-Entscheider der Keykunden.<\/p> <p>Die Bestrebung, meine Vermarktungskenntnisse wieder mit der klassischen Musikbranche zu verbinden, f\u00fchrten mich in die Selbst\u00e4ndigkeit als Handelsvertreter und zu bundesweit publizierenden Klassikmedien: F\u00fcr Mandanten wie das Print-Magazin RONDO und das Online-Klassik-Nachrichtenjournal MUSIK-HEUTE betreute ich lange Jahre die Anzeigenkunden in Print und Online. Parallel dazu ergab sich die Anfrage seitens der Hamburger Hochschule f\u00fcr Musik und Theater, f\u00fcr die ich als Gastdozent im Fachbereich Onlinemedien am Institut f\u00fcr Kultur- und Medienmanagement t\u00e4tig wurde.<\/p> <p>Inzwischen habe ich mein Portfolio sowohl hinsichtlich der von mir angebotenen Services wieder erweitert und die Bandbreite an Publisher-Themen meiner Mandanten erh\u00f6ht.<\/p> <p>Gerne unterst\u00fctze ich Sie in Ihren Vermarktungsbedarf und freue mich auf Ihre Anfrage!<\/p>\n<img src=\"https:\/\/mediafoyer.de\/wp-content\/uploads\/2020\/07\/imageedit_2_4095803857-1.png\" title=\"imageedit_2_4095803857\" alt=\"imageedit_2_4095803857\" srcset=\"https:\/\/mediafoyer.de\/wp-content\/uploads\/2020\/07\/imageedit_2_4095803857-1.png 842w, https:\/\/mediafoyer.de\/wp-content\/uploads\/2020\/07\/imageedit_2_4095803857-1-300x212.png 300w, https:\/\/mediafoyer.de\/wp-content\/uploads\/2020\/07\/imageedit_2_4095803857-1-768x543.png 768w\" sizes=\"(max-width: 842px) 100vw, 842px\" \/>\n<h2>Sitemap<\/h2> <p><a href=\"#Mission\">Mission<\/a><\/p> <p><a href=\"https:\/\/mediafoyer.de\/?page_id=95\">Leistungen<\/a><\/p> <p><a href=\"https:\/\/mediafoyer.de\/?page_id=311\">Profil<\/a><\/p> <p><a href=\"https:\/\/mediafoyer.de\/?page_id=104\">Meilensteine<\/a><\/p> <p><a href=\"https:\/\/mediafoyer.de\/?page_id=389\">Referenzen<\/a><\/p> <p><a href=\"https:\/\/mediafoyer.de\/?page_id=398\">Kontakt<\/a><\/p> <p><a href=\"https:\/\/mediafoyer.de\/?page_id=425\">Impressum<\/a><\/p> <p><a href=\"https:\/\/mediafoyer.de\/?page_id=444\">Datenschutzerkl\u00e4rung<\/a><\/p>\n<h2>Kontakt<\/h2> <p>Mediafoyer<\/p> <p>Marketing \/ Vertrieb \/ Vermarktung<\/p> <p>K\u00f6nigsreihe 57<\/p> <p>22041 Hamburg<\/p> <p>Tel. +49 (0) 40 \/ 6369 4693<\/p> <p>Email: kontakt@mediafoyer.de<\/p> <p>www.mediafoyer.de<\/p> <p>\u00a9 2023 Mediafoyer<\/p>","_links":{"self":[{"href":"https:\/\/mediafoyer.de\/index.php?rest_route=\/wp\/v2\/pages\/311"}],"collection":[{"href":"https:\/\/mediafoyer.de\/index.php?rest_route=\/wp\/v2\/pages"}],"about":[{"href":"https:\/\/mediafoyer.de\/index.php?rest_route=\/wp\/v2\/types\/page"}],"author":[{"embeddable":true,"href":"https:\/\/mediafoyer.de\/index.php?rest_route=\/wp\/v2\/users\/2"}],"replies":[{"embeddable":true,"href":"https:\/\/mediafoyer.de\/index.php?rest_route=%2Fwp%2Fv2%2Fcomments&post=311"}],"version-history":[{"count":102,"href":"https:\/\/mediafoyer.de\/index.php?rest_route=\/wp\/v2\/pages\/311\/revisions"}],"predecessor-version":[{"id":801,"href":"https:\/\/mediafoyer.de\/index.php?rest_route=\/wp\/v2\/pages\/311\/revisions\/801"}],"wp:attachment":[{"href":"https:\/\/mediafoyer.de\/index.php?rest_route=%2Fwp%2Fv2%2Fmedia&parent=311"}],"curies":[{"name":"wp","href":"https:\/\/api.w.org\/{rel}","templated":true}]}}